{"id":324,"date":"2022-08-17T15:39:56","date_gmt":"2022-08-17T15:39:56","guid":{"rendered":"https:\/\/naturesweet.com\/?page_id=324"},"modified":"2023-10-20T21:26:31","modified_gmt":"2023-10-20T21:26:31","slug":"contact","status":"publish","type":"page","link":"https:\/\/naturesweet.com\/es\/contact\/","title":{"rendered":"Cont\u00e1ctenos"},"content":{"rendered":"","protected":false},"excerpt":{"rendered":"","protected":false},"author":1,"featured_media":322073,"parent":0,"menu_order":0,"comment_status":"open","ping_status":"closed","template":"","meta":{"_acf_changed":false,"footnotes":""},"class_list":["post-324","page","type-page","status-publish","has-post-thumbnail","hentry"],"acf":[],"yoast_head":"<!-- This site is optimized with the Yoast SEO Premium plugin v24.6 (Yoast SEO v27.3) - https:\/\/yoast.com\/product\/yoast-seo-premium-wordpress\/ -->\n<title>Let\u2019s Talk Produce Raised Right | Contact NatureSweet<\/title>\n<meta name=\"description\" content=\"Send a message to NatureSweet here for all things tomato, cucumber, and pepper related. From job inquiries to our Raised Right commitment.\" \/>\n<meta name=\"robots\" content=\"index, follow, max-snippet:-1, max-image-preview:large, max-video-preview:-1\" \/>\n<link rel=\"canonical\" href=\"https:\/\/naturesweet.com\/es\/contact\/\" \/>\n<meta property=\"og:locale\" content=\"es_MX\" \/>\n<meta property=\"og:type\" content=\"article\" \/>\n<meta property=\"og:title\" content=\"Contact Us\" \/>\n<meta property=\"og:description\" content=\"Send a message to NatureSweet here for all things tomato, cucumber, and pepper related. From job inquiries to our Raised Right commitment.\" \/>\n<meta property=\"og:url\" content=\"https:\/\/naturesweet.com\/es\/contact\/\" \/>\n<meta property=\"og:site_name\" content=\"NatureSweet\" \/>\n<meta property=\"article:publisher\" content=\"https:\/\/www.facebook.com\/NatureSweet\/\" \/>\n<meta property=\"article:modified_time\" content=\"2023-10-20T21:26:31+00:00\" \/>\n<meta property=\"og:image\" content=\"https:\/\/naturesweet.com\/wp-content\/uploads\/2022\/08\/NS-Logo-1200x630-1.png\" \/>\n\t<meta property=\"og:image:width\" content=\"1200\" \/>\n\t<meta property=\"og:image:height\" content=\"630\" \/>\n\t<meta property=\"og:image:type\" content=\"image\/png\" \/>\n<meta name=\"twitter:card\" content=\"summary_large_image\" \/>\n<meta name=\"twitter:image\" content=\"https:\/\/naturesweet.com\/wp-content\/uploads\/2022\/08\/NS-Logo-1600x900-1.png\" \/>\n<meta name=\"twitter:site\" content=\"@nstomatoes\" \/>\n<script type=\"application\/ld+json\" class=\"yoast-schema-graph\">{\"@context\":\"https:\\\/\\\/schema.org\",\"@graph\":[{\"@type\":\"WebPage\",\"@id\":\"https:\\\/\\\/naturesweet.com\\\/contact\\\/\",\"url\":\"https:\\\/\\\/naturesweet.com\\\/contact\\\/\",\"name\":\"Let\u2019s Talk Produce Raised Right | Contact NatureSweet\",\"isPartOf\":{\"@id\":\"https:\\\/\\\/naturesweet.com\\\/#website\"},\"primaryImageOfPage\":{\"@id\":\"https:\\\/\\\/naturesweet.com\\\/contact\\\/#primaryimage\"},\"image\":{\"@id\":\"https:\\\/\\\/naturesweet.com\\\/contact\\\/#primaryimage\"},\"thumbnailUrl\":\"https:\\\/\\\/naturesweet.com\\\/wp-content\\\/uploads\\\/2022\\\/09\\\/Mask-Group-4129_.png\",\"datePublished\":\"2022-08-17T15:39:56+00:00\",\"dateModified\":\"2023-10-20T21:26:31+00:00\",\"description\":\"Send a message to NatureSweet here for all things tomato, cucumber, and pepper related. From job inquiries to our Raised Right commitment.\",\"breadcrumb\":{\"@id\":\"https:\\\/\\\/naturesweet.com\\\/contact\\\/#breadcrumb\"},\"inLanguage\":\"es\",\"potentialAction\":[{\"@type\":\"ReadAction\",\"target\":[\"https:\\\/\\\/naturesweet.com\\\/contact\\\/\"]}]},{\"@type\":\"ImageObject\",\"inLanguage\":\"es\",\"@id\":\"https:\\\/\\\/naturesweet.com\\\/contact\\\/#primaryimage\",\"url\":\"https:\\\/\\\/naturesweet.com\\\/wp-content\\\/uploads\\\/2022\\\/09\\\/Mask-Group-4129_.png\",\"contentUrl\":\"https:\\\/\\\/naturesweet.com\\\/wp-content\\\/uploads\\\/2022\\\/09\\\/Mask-Group-4129_.png\",\"width\":597,\"height\":593},{\"@type\":\"BreadcrumbList\",\"@id\":\"https:\\\/\\\/naturesweet.com\\\/contact\\\/#breadcrumb\",\"itemListElement\":[{\"@type\":\"ListItem\",\"position\":1,\"name\":\"Home\",\"item\":\"https:\\\/\\\/naturesweet.com\\\/\"},{\"@type\":\"ListItem\",\"position\":2,\"name\":\"Contact Us\"}]},{\"@type\":\"Organization\",\"@id\":\"https:\\\/\\\/naturesweet.com\\\/#website\",\"url\":\"https:\\\/\\\/naturesweet.com\\\/\",\"name\":\"NatureSweet\",\"description\":\"Tomatoes Raised Right\",\"publisher\":{\"@id\":\"https:\\\/\\\/naturesweet.com\\\/#organization\",\"logo\":\"https:\\\/\\\/naturesweet.com\"},\"alternateName\":\"NatureSweet\",\"potentialAction\":[{\"@type\":\"SearchAction\",\"target\":{\"@type\":\"EntryPoint\",\"urlTemplate\":\"https:\\\/\\\/naturesweet.com\\\/?s={search_term_string}\"},\"query-input\":{\"@type\":\"PropertyValueSpecification\",\"valueRequired\":true,\"valueName\":\"search_term_string\"}}],\"inLanguage\":\"es\",\"publishingPrinciples\":\"https:\\\/\\\/naturesweet.com\\\/privacy\\\/\",\"actionableFeedbackPolicy\":\"https:\\\/\\\/naturesweet.com\\\/privacy\\\/\",\"correctionsPolicy\":\"https:\\\/\\\/naturesweet.com\\\/privacy\\\/\",\"ethicsPolicy\":\"https:\\\/\\\/naturesweet.com\\\/privacy\\\/\",\"diversityPolicy\":\"https:\\\/\\\/naturesweet.com\\\/privacy\\\/\",\"diversityStaffingReport\":\"https:\\\/\\\/naturesweet.com\\\/privacy\\\/\"},{\"@type\":\"Organization\",\"@id\":\"https:\\\/\\\/naturesweet.com\\\/#organization\",\"name\":\"NatureSweet\",\"alternateName\":\"NatureSweet\",\"url\":\"https:\\\/\\\/naturesweet.com\\\/\",\"logo\":{\"@type\":\"ImageObject\",\"inLanguage\":\"es\",\"@id\":\"https:\\\/\\\/naturesweet.com\\\/#\\\/schema\\\/logo\\\/image\\\/\",\"url\":\"https:\\\/\\\/naturesweet.com\\\/wp-content\\\/uploads\\\/2022\\\/09\\\/Nature-Sweet-logo.png\",\"contentUrl\":\"https:\\\/\\\/naturesweet.com\\\/wp-content\\\/uploads\\\/2022\\\/09\\\/Nature-Sweet-logo.png\",\"width\":1271,\"height\":613,\"caption\":\"NatureSweet\"},\"image\":{\"@id\":\"https:\\\/\\\/naturesweet.com\\\/#\\\/schema\\\/logo\\\/image\\\/\"},\"sameAs\":[\"https:\\\/\\\/www.facebook.com\\\/NatureSweet\\\/\",\"https:\\\/\\\/x.com\\\/nstomatoes\",\"https:\\\/\\\/pinterest.com\\\/naturesweet\\\/\",\"https:\\\/\\\/www.instagram.com\\\/nstomatoes\\\/\",\"https:\\\/\\\/www.youtube.com\\\/user\\\/naturesweettomatoes\",\"https:\\\/\\\/www.tiktok.com\\\/@naturesweettomatoes\"],\"publishingPrinciples\":\"https:\\\/\\\/naturesweet.com\\\/privacy\\\/\",\"actionableFeedbackPolicy\":\"https:\\\/\\\/naturesweet.com\\\/privacy\\\/\",\"correctionsPolicy\":\"https:\\\/\\\/naturesweet.com\\\/privacy\\\/\",\"ethicsPolicy\":\"https:\\\/\\\/naturesweet.com\\\/privacy\\\/\",\"diversityPolicy\":\"https:\\\/\\\/naturesweet.com\\\/privacy\\\/\",\"diversityStaffingReport\":\"https:\\\/\\\/naturesweet.com\\\/privacy\\\/\"}]}<\/script>\n<!-- \/ Yoast SEO Premium plugin. -->","yoast_head_json":{"title":"Hablemos de productos agr\u00edcolas criados correctamente | Contacto NatureSweet","description":"Env\u00ede un mensaje a NatureSweet aqu\u00ed para todo lo relacionado con el tomate, el pepino y el pimiento. Desde consultas laborales hasta nuestro compromiso Raised Right.","robots":{"index":"index","follow":"follow","max-snippet":"max-snippet:-1","max-image-preview":"max-image-preview:large","max-video-preview":"max-video-preview:-1"},"canonical":"https:\/\/naturesweet.com\/es\/contact\/","og_locale":"es_MX","og_type":"article","og_title":"Contact Us","og_description":"Send a message to NatureSweet here for all things tomato, cucumber, and pepper related. From job inquiries to our Raised Right commitment.","og_url":"https:\/\/naturesweet.com\/es\/contact\/","og_site_name":"NatureSweet","article_publisher":"https:\/\/www.facebook.com\/NatureSweet\/","article_modified_time":"2023-10-20T21:26:31+00:00","og_image":[{"width":1200,"height":630,"url":"https:\/\/naturesweet.com\/wp-content\/uploads\/2022\/08\/NS-Logo-1200x630-1.png","type":"image\/png"}],"twitter_card":"summary_large_image","twitter_image":"https:\/\/naturesweet.com\/wp-content\/uploads\/2022\/08\/NS-Logo-1600x900-1.png","twitter_site":"@nstomatoes","schema":{"@context":"https:\/\/schema.org","@graph":[{"@type":"WebPage","@id":"https:\/\/naturesweet.com\/contact\/","url":"https:\/\/naturesweet.com\/contact\/","name":"Hablemos de productos agr\u00edcolas criados correctamente | Contacto NatureSweet","isPartOf":{"@id":"https:\/\/naturesweet.com\/#website"},"primaryImageOfPage":{"@id":"https:\/\/naturesweet.com\/contact\/#primaryimage"},"image":{"@id":"https:\/\/naturesweet.com\/contact\/#primaryimage"},"thumbnailUrl":"https:\/\/naturesweet.com\/wp-content\/uploads\/2022\/09\/Mask-Group-4129_.png","datePublished":"2022-08-17T15:39:56+00:00","dateModified":"2023-10-20T21:26:31+00:00","description":"Env\u00ede un mensaje a NatureSweet aqu\u00ed para todo lo relacionado con el tomate, el pepino y el pimiento. Desde consultas laborales hasta nuestro compromiso Raised Right.","breadcrumb":{"@id":"https:\/\/naturesweet.com\/contact\/#breadcrumb"},"inLanguage":"es","potentialAction":[{"@type":"ReadAction","target":["https:\/\/naturesweet.com\/contact\/"]}]},{"@type":"ImageObject","inLanguage":"es","@id":"https:\/\/naturesweet.com\/contact\/#primaryimage","url":"https:\/\/naturesweet.com\/wp-content\/uploads\/2022\/09\/Mask-Group-4129_.png","contentUrl":"https:\/\/naturesweet.com\/wp-content\/uploads\/2022\/09\/Mask-Group-4129_.png","width":597,"height":593},{"@type":"BreadcrumbList","@id":"https:\/\/naturesweet.com\/contact\/#breadcrumb","itemListElement":[{"@type":"ListItem","position":1,"name":"Home","item":"https:\/\/naturesweet.com\/"},{"@type":"ListItem","position":2,"name":"Contact Us"}]},{"@type":"Organization","@id":"https:\/\/naturesweet.com\/#website","url":"https:\/\/naturesweet.com\/","name":"NatureSweet","description":"Tomates Criados A La Derecha","publisher":{"@id":"https:\/\/naturesweet.com\/#organization","logo":"https:\/\/naturesweet.com"},"alternateName":"NatureSweet","potentialAction":[{"@type":"SearchAction","target":{"@type":"EntryPoint","urlTemplate":"https:\/\/naturesweet.com\/?s={search_term_string}"},"query-input":{"@type":"PropertyValueSpecification","valueRequired":true,"valueName":"search_term_string"}}],"inLanguage":"es","publishingPrinciples":"https:\/\/naturesweet.com\/privacy\/","actionableFeedbackPolicy":"https:\/\/naturesweet.com\/privacy\/","correctionsPolicy":"https:\/\/naturesweet.com\/privacy\/","ethicsPolicy":"https:\/\/naturesweet.com\/privacy\/","diversityPolicy":"https:\/\/naturesweet.com\/privacy\/","diversityStaffingReport":"https:\/\/naturesweet.com\/privacy\/"},{"@type":"Organization","@id":"https:\/\/naturesweet.com\/#organization","name":"NatureSweet","alternateName":"NatureSweet","url":"https:\/\/naturesweet.com\/","logo":{"@type":"ImageObject","inLanguage":"es","@id":"https:\/\/naturesweet.com\/#\/schema\/logo\/image\/","url":"https:\/\/naturesweet.com\/wp-content\/uploads\/2022\/09\/Nature-Sweet-logo.png","contentUrl":"https:\/\/naturesweet.com\/wp-content\/uploads\/2022\/09\/Nature-Sweet-logo.png","width":1271,"height":613,"caption":"NatureSweet"},"image":{"@id":"https:\/\/naturesweet.com\/#\/schema\/logo\/image\/"},"sameAs":["https:\/\/www.facebook.com\/NatureSweet\/","https:\/\/x.com\/nstomatoes","https:\/\/pinterest.com\/naturesweet\/","https:\/\/www.instagram.com\/nstomatoes\/","https:\/\/www.youtube.com\/user\/naturesweettomatoes","https:\/\/www.tiktok.com\/@naturesweettomatoes"],"publishingPrinciples":"https:\/\/naturesweet.com\/privacy\/","actionableFeedbackPolicy":"https:\/\/naturesweet.com\/privacy\/","correctionsPolicy":"https:\/\/naturesweet.com\/privacy\/","ethicsPolicy":"https:\/\/naturesweet.com\/privacy\/","diversityPolicy":"https:\/\/naturesweet.com\/privacy\/","diversityStaffingReport":"https:\/\/naturesweet.com\/privacy\/"}]}},"_links":{"self":[{"href":"https:\/\/naturesweet.com\/es\/wp-json\/wp\/v2\/pages\/324","targetHints":{"allow":["GET"]}}],"collection":[{"href":"https:\/\/naturesweet.com\/es\/wp-json\/wp\/v2\/pages"}],"about":[{"href":"https:\/\/naturesweet.com\/es\/wp-json\/wp\/v2\/types\/page"}],"author":[{"embeddable":true,"href":"https:\/\/naturesweet.com\/es\/wp-json\/wp\/v2\/users\/1"}],"replies":[{"embeddable":true,"href":"https:\/\/naturesweet.com\/es\/wp-json\/wp\/v2\/comments?post=324"}],"version-history":[{"count":0,"href":"https:\/\/naturesweet.com\/es\/wp-json\/wp\/v2\/pages\/324\/revisions"}],"wp:featuredmedia":[{"embeddable":true,"href":"https:\/\/naturesweet.com\/es\/wp-json\/wp\/v2\/media\/322073"}],"wp:attachment":[{"href":"https:\/\/naturesweet.com\/es\/wp-json\/wp\/v2\/media?parent=324"}],"curies":[{"name":"wp","href":"https:\/\/api.w.org\/{rel}","templated":true}]}}